{"id":959,"date":"2022-10-18T11:02:26","date_gmt":"2022-10-18T09:02:26","guid":{"rendered":"http:\/\/catpied.fr\/?page_id=959"},"modified":"2023-09-29T12:58:36","modified_gmt":"2023-09-29T10:58:36","slug":"atelier-libre-service","status":"publish","type":"page","link":"https:\/\/catpied.fr\/?page_id=959","title":{"rendered":"r\u00e9paration &#8211; transformation"},"content":{"rendered":"\t\t<div data-elementor-type=\"wp-page\" data-elementor-id=\"959\" class=\"elementor elementor-959\">\n\t\t\t\t\t\t\t\t\t<section class=\"elementor-section elementor-top-section elementor-element elementor-element-af7344a elementor-section-boxed elementor-section-height-default elementor-section-height-default\" data-id=\"af7344a\" data-element_type=\"section\">\n\t\t\t\t\t\t<div class=\"elementor-container elementor-column-gap-default\">\n\t\t\t\t\t<div class=\"elementor-column elementor-col-100 elementor-top-column elementor-element elementor-element-e1a10a4\" data-id=\"e1a10a4\" data-element_type=\"column\">\n\t\t\t<div class=\"elementor-widget-wrap elementor-element-populated\">\n\t\t\t\t\t\t\t\t<div class=\"elementor-element elementor-element-161d83d elementor-widget elementor-widget-heading\" data-id=\"161d83d\" data-element_type=\"widget\" data-widget_type=\"heading.default\">\n\t\t\t\t<div class=\"elementor-widget-container\">\n\t\t\t<h2 class=\"elementor-heading-title elementor-size-default\">atelier r\u00e9paration - transformation<\/h2>\t\t<\/div>\n\t\t\t\t<\/div>\n\t\t\t\t<div class=\"elementor-element elementor-element-1bf54e6 elementor-widget elementor-widget-text-editor\" data-id=\"1bf54e6\" data-element_type=\"widget\" data-widget_type=\"text-editor.default\">\n\t\t\t\t<div class=\"elementor-widget-container\">\n\t\t\t\t\t\t\t<p style=\"text-align: center;\">Cet atelier s&rsquo;adresse \u00e0 tout public, d\u00e9butant ou confirm\u00e9, \u00e0 partir de 8 ans<\/p>\t\t\t\t\t\t<\/div>\n\t\t\t\t<\/div>\n\t\t\t\t\t<\/div>\n\t\t<\/div>\n\t\t\t\t\t\t\t<\/div>\n\t\t<\/section>\n\t\t\t\t<section class=\"elementor-section elementor-top-section elementor-element elementor-element-b8bfcd2 elementor-section-content-middle elementor-section-boxed elementor-section-height-default elementor-section-height-default\" data-id=\"b8bfcd2\" data-element_type=\"section\">\n\t\t\t\t\t\t<div class=\"elementor-container elementor-column-gap-default\">\n\t\t\t\t\t<div class=\"elementor-column elementor-col-50 elementor-top-column elementor-element elementor-element-d2b1c15\" data-id=\"d2b1c15\" data-element_type=\"column\">\n\t\t\t<div class=\"elementor-widget-wrap elementor-element-populated\">\n\t\t\t\t\t\t\t\t<div class=\"elementor-element elementor-element-001cdd1 elementor-widget elementor-widget-text-editor\" data-id=\"001cdd1\" data-element_type=\"widget\" data-widget_type=\"text-editor.default\">\n\t\t\t\t<div class=\"elementor-widget-container\">\n\t\t\t\t\t\t\t<p><strong>Le cours a lieu \u00e0 Lorient.<\/strong><br \/>Dans une maison individuelle en centre-ville.<\/p><p><strong>Horaires :<br \/><\/strong>le lundi 17hoo-19hoo<strong><br \/><\/strong><\/p><p><strong>Pas plus de 5 personnes.<\/strong><\/p>\t\t\t\t\t\t<\/div>\n\t\t\t\t<\/div>\n\t\t\t\t\t<\/div>\n\t\t<\/div>\n\t\t\t\t<div class=\"elementor-column elementor-col-50 elementor-top-column elementor-element elementor-element-ae20f8c\" data-id=\"ae20f8c\" data-element_type=\"column\">\n\t\t\t<div class=\"elementor-widget-wrap elementor-element-populated\">\n\t\t\t\t\t\t\t\t<div class=\"elementor-element elementor-element-469c70a elementor-widget elementor-widget-text-editor\" data-id=\"469c70a\" data-element_type=\"widget\" data-widget_type=\"text-editor.default\">\n\t\t\t\t<div class=\"elementor-widget-container\">\n\t\t\t\t\t\t\t<p><strong>Tarifs<\/strong><br \/>cours \u00e0 l&rsquo;unit\u00e9 = 30 euros<br \/>cours au trimestre (environ 12 cours) = 330 euros<br \/>cours \u00e0 l&rsquo;ann\u00e9e = 850 euros<br \/>carte de 10 cours valable sur tous les cr\u00e9neaux horaires (hors stages) = 290 euros<\/p><p>Une machine familiale est \u00e0 disposition \u00e0 l&rsquo;atelier. Cependant il est conseill\u00e9 d&rsquo;apporter sa machine personnelle si vous en poss\u00e9dez une.<\/p>\t\t\t\t\t\t<\/div>\n\t\t\t\t<\/div>\n\t\t\t\t\t<\/div>\n\t\t<\/div>\n\t\t\t\t\t\t\t<\/div>\n\t\t<\/section>\n\t\t\t\t<section class=\"elementor-section elementor-top-section elementor-element elementor-element-68110e8 elementor-section-boxed elementor-section-height-default elementor-section-height-default\" data-id=\"68110e8\" data-element_type=\"section\">\n\t\t\t\t\t\t<div class=\"elementor-container elementor-column-gap-default\">\n\t\t\t\t\t<div class=\"elementor-column elementor-col-50 elementor-top-column elementor-element elementor-element-0f2dc18\" data-id=\"0f2dc18\" data-element_type=\"column\">\n\t\t\t<div class=\"elementor-widget-wrap elementor-element-populated\">\n\t\t\t\t\t\t\t\t<div class=\"elementor-element elementor-element-08f2d59 elementor-widget elementor-widget-spacer\" data-id=\"08f2d59\" data-element_type=\"widget\" data-widget_type=\"spacer.default\">\n\t\t\t\t<div class=\"elementor-widget-container\">\n\t\t\t\t\t<div class=\"elementor-spacer\">\n\t\t\t<div class=\"elementor-spacer-inner\"><\/div>\n\t\t<\/div>\n\t\t\t\t<\/div>\n\t\t\t\t<\/div>\n\t\t\t\t<div class=\"elementor-element elementor-element-a909982 elementor-widget elementor-widget-text-editor\" data-id=\"a909982\" data-element_type=\"widget\" data-widget_type=\"text-editor.default\">\n\t\t\t\t<div class=\"elementor-widget-container\">\n\t\t\t\t\t\t\t<p><strong>Ce cours est ax\u00e9 sur la r\u00e9paration et la transformation de vos v\u00eatements.<br \/><\/strong>L&rsquo;Atelier Catpied d\u00e9fend l&rsquo;id\u00e9e qu&rsquo;il faut prolonger la vie de nos v\u00eatements existants et ne pas sur-consommer. Pour ce faire, nous vous apprenons les techniques que nous utilisons dans nos cr\u00e9ations : r\u00e9paration par la broderie, modification d&rsquo;un v\u00eatement pour lui donner un visuel plus actuel (redessiner une ligne d&rsquo;\u00e9paule par exemple), \u00e9largissement d&rsquo;un pantalon devenu trop petit, etc.<\/p>\t\t\t\t\t\t<\/div>\n\t\t\t\t<\/div>\n\t\t\t\t<section class=\"elementor-section elementor-inner-section elementor-element elementor-element-561431b elementor-section-full_width elementor-section-height-default elementor-section-height-default\" data-id=\"561431b\" data-element_type=\"section\">\n\t\t\t\t\t\t<div class=\"elementor-container elementor-column-gap-default\">\n\t\t\t\t\t<div class=\"elementor-column elementor-col-50 elementor-inner-column elementor-element elementor-element-938a89d\" data-id=\"938a89d\" data-element_type=\"column\">\n\t\t\t<div class=\"elementor-widget-wrap elementor-element-populated\">\n\t\t\t\t\t\t\t\t<div class=\"elementor-element elementor-element-e34c958 elementor-widget elementor-widget-image\" data-id=\"e34c958\" data-element_type=\"widget\" data-widget_type=\"image.default\">\n\t\t\t\t<div class=\"elementor-widget-container\">\n\t\t\t\t\t\t\t\t\t\t\t\t<figure class=\"wp-caption\">\n\t\t\t\t\t\t\t\t\t\t<img decoding=\"async\" loading=\"lazy\" width=\"1024\" height=\"768\" src=\"https:\/\/catpied.fr\/wp-content\/uploads\/2022\/10\/IMG_1994-1024x768.jpg\" class=\"attachment-large size-large wp-image-993\" alt=\"\" srcset=\"https:\/\/catpied.fr\/wp-content\/uploads\/2022\/10\/IMG_1994-1024x768.jpg 1024w, https:\/\/catpied.fr\/wp-content\/uploads\/2022\/10\/IMG_1994-300x225.jpg 300w, https:\/\/catpied.fr\/wp-content\/uploads\/2022\/10\/IMG_1994-768x576.jpg 768w, https:\/\/catpied.fr\/wp-content\/uploads\/2022\/10\/IMG_1994-1536x1152.jpg 1536w, https:\/\/catpied.fr\/wp-content\/uploads\/2022\/10\/IMG_1994-2048x1536.jpg 2048w, https:\/\/catpied.fr\/wp-content\/uploads\/2022\/10\/IMG_1994-600x450.jpg 600w\" sizes=\"(max-width: 1024px) 100vw, 1024px\" \/>\t\t\t\t\t\t\t\t\t\t\t<figcaption class=\"widget-image-caption wp-caption-text\">broderie \"piqu\u00e9 libre\" pour camoufler une trace<\/figcaption>\n\t\t\t\t\t\t\t\t\t\t<\/figure>\n\t\t\t\t\t\t\t\t\t<\/div>\n\t\t\t\t<\/div>\n\t\t\t\t\t<\/div>\n\t\t<\/div>\n\t\t\t\t<div class=\"elementor-column elementor-col-50 elementor-inner-column elementor-element elementor-element-e0a91be\" data-id=\"e0a91be\" data-element_type=\"column\">\n\t\t\t<div class=\"elementor-widget-wrap elementor-element-populated\">\n\t\t\t\t\t\t\t\t<div class=\"elementor-element elementor-element-097bbb6 elementor-widget elementor-widget-image\" data-id=\"097bbb6\" data-element_type=\"widget\" data-widget_type=\"image.default\">\n\t\t\t\t<div class=\"elementor-widget-container\">\n\t\t\t\t\t\t\t\t\t\t\t\t<figure class=\"wp-caption\">\n\t\t\t\t\t\t\t\t\t\t<img decoding=\"async\" loading=\"lazy\" width=\"1024\" height=\"768\" src=\"https:\/\/catpied.fr\/wp-content\/uploads\/2022\/10\/IMG_1995-1024x768.jpg\" class=\"attachment-large size-large wp-image-994\" alt=\"\" srcset=\"https:\/\/catpied.fr\/wp-content\/uploads\/2022\/10\/IMG_1995-1024x768.jpg 1024w, https:\/\/catpied.fr\/wp-content\/uploads\/2022\/10\/IMG_1995-300x225.jpg 300w, https:\/\/catpied.fr\/wp-content\/uploads\/2022\/10\/IMG_1995-768x576.jpg 768w, https:\/\/catpied.fr\/wp-content\/uploads\/2022\/10\/IMG_1995-1536x1152.jpg 1536w, https:\/\/catpied.fr\/wp-content\/uploads\/2022\/10\/IMG_1995-2048x1536.jpg 2048w, https:\/\/catpied.fr\/wp-content\/uploads\/2022\/10\/IMG_1995-600x450.jpg 600w\" sizes=\"(max-width: 1024px) 100vw, 1024px\" \/>\t\t\t\t\t\t\t\t\t\t\t<figcaption class=\"widget-image-caption wp-caption-text\">broderie au point avant pour r\u00e9parer un trou<\/figcaption>\n\t\t\t\t\t\t\t\t\t\t<\/figure>\n\t\t\t\t\t\t\t\t\t<\/div>\n\t\t\t\t<\/div>\n\t\t\t\t\t<\/div>\n\t\t<\/div>\n\t\t\t\t\t\t\t<\/div>\n\t\t<\/section>\n\t\t\t\t\t<\/div>\n\t\t<\/div>\n\t\t\t\t<div class=\"elementor-column elementor-col-50 elementor-top-column elementor-element elementor-element-95c53b7\" data-id=\"95c53b7\" data-element_type=\"column\">\n\t\t\t<div class=\"elementor-widget-wrap elementor-element-populated\">\n\t\t\t\t\t\t\t\t<div class=\"elementor-element elementor-element-2bc843a elementor-widget elementor-widget-spacer\" data-id=\"2bc843a\" data-element_type=\"widget\" data-widget_type=\"spacer.default\">\n\t\t\t\t<div class=\"elementor-widget-container\">\n\t\t\t\t\t<div class=\"elementor-spacer\">\n\t\t\t<div class=\"elementor-spacer-inner\"><\/div>\n\t\t<\/div>\n\t\t\t\t<\/div>\n\t\t\t\t<\/div>\n\t\t\t\t<section class=\"elementor-section elementor-inner-section elementor-element elementor-element-d037e76 elementor-section-content-bottom elementor-section-height-min-height elementor-section-boxed elementor-section-height-default\" data-id=\"d037e76\" data-element_type=\"section\">\n\t\t\t\t\t\t<div class=\"elementor-container elementor-column-gap-default\">\n\t\t\t\t\t<div class=\"elementor-column elementor-col-50 elementor-inner-column elementor-element elementor-element-d2b3857\" data-id=\"d2b3857\" data-element_type=\"column\">\n\t\t\t<div class=\"elementor-widget-wrap elementor-element-populated\">\n\t\t\t\t\t\t\t\t<div class=\"elementor-element elementor-element-a963658 elementor-widget elementor-widget-image\" data-id=\"a963658\" data-element_type=\"widget\" data-widget_type=\"image.default\">\n\t\t\t\t<div class=\"elementor-widget-container\">\n\t\t\t\t\t\t\t\t\t\t\t\t<figure class=\"wp-caption\">\n\t\t\t\t\t\t\t\t\t\t<img decoding=\"async\" loading=\"lazy\" width=\"768\" height=\"973\" src=\"https:\/\/catpied.fr\/wp-content\/uploads\/2022\/10\/chemise-kimono-768x973.png\" class=\"attachment-medium_large size-medium_large wp-image-1108\" alt=\"\" srcset=\"https:\/\/catpied.fr\/wp-content\/uploads\/2022\/10\/chemise-kimono-768x973.png 768w, https:\/\/catpied.fr\/wp-content\/uploads\/2022\/10\/chemise-kimono-237x300.png 237w, https:\/\/catpied.fr\/wp-content\/uploads\/2022\/10\/chemise-kimono-808x1024.png 808w, https:\/\/catpied.fr\/wp-content\/uploads\/2022\/10\/chemise-kimono-600x761.png 600w, https:\/\/catpied.fr\/wp-content\/uploads\/2022\/10\/chemise-kimono.png 1181w\" sizes=\"(max-width: 768px) 100vw, 768px\" \/>\t\t\t\t\t\t\t\t\t\t\t<figcaption class=\"widget-image-caption wp-caption-text\">chemise r\u00e9par\u00e9e et transform\u00e9e avec un t-shirt et un morceau de jersey trouv\u00e9s en ressourcerie<\/figcaption>\n\t\t\t\t\t\t\t\t\t\t<\/figure>\n\t\t\t\t\t\t\t\t\t<\/div>\n\t\t\t\t<\/div>\n\t\t\t\t\t<\/div>\n\t\t<\/div>\n\t\t\t\t<div class=\"elementor-column elementor-col-50 elementor-inner-column elementor-element elementor-element-b55433f\" data-id=\"b55433f\" data-element_type=\"column\">\n\t\t\t<div class=\"elementor-widget-wrap elementor-element-populated\">\n\t\t\t\t\t\t\t\t<div class=\"elementor-element elementor-element-aa59425 elementor-widget elementor-widget-image\" data-id=\"aa59425\" data-element_type=\"widget\" data-widget_type=\"image.default\">\n\t\t\t\t<div class=\"elementor-widget-container\">\n\t\t\t\t\t\t\t\t\t\t\t\t<figure class=\"wp-caption\">\n\t\t\t\t\t\t\t\t\t\t<img decoding=\"async\" loading=\"lazy\" width=\"768\" height=\"975\" src=\"https:\/\/catpied.fr\/wp-content\/uploads\/2022\/10\/top-chemise-768x975.png\" class=\"attachment-medium_large size-medium_large wp-image-1109\" alt=\"\" srcset=\"https:\/\/catpied.fr\/wp-content\/uploads\/2022\/10\/top-chemise-768x975.png 768w, https:\/\/catpied.fr\/wp-content\/uploads\/2022\/10\/top-chemise-236x300.png 236w, https:\/\/catpied.fr\/wp-content\/uploads\/2022\/10\/top-chemise-806x1024.png 806w, https:\/\/catpied.fr\/wp-content\/uploads\/2022\/10\/top-chemise-600x762.png 600w, https:\/\/catpied.fr\/wp-content\/uploads\/2022\/10\/top-chemise.png 1181w\" sizes=\"(max-width: 768px) 100vw, 768px\" \/>\t\t\t\t\t\t\t\t\t\t\t<figcaption class=\"widget-image-caption wp-caption-text\">un mod\u00e8le issu du livre \"Couture R\u00e9cup' - coudre pour r\u00e9sister au grand gasillage\" de Emmanuelle Vibert<\/figcaption>\n\t\t\t\t\t\t\t\t\t\t<\/figure>\n\t\t\t\t\t\t\t\t\t<\/div>\n\t\t\t\t<\/div>\n\t\t\t\t\t<\/div>\n\t\t<\/div>\n\t\t\t\t\t\t\t<\/div>\n\t\t<\/section>\n\t\t\t\t\t<\/div>\n\t\t<\/div>\n\t\t\t\t\t\t\t<\/div>\n\t\t<\/section>\n\t\t\t\t<section class=\"elementor-section elementor-top-section elementor-element elementor-element-5ef1485 elementor-section-boxed elementor-section-height-default elementor-section-height-default\" data-id=\"5ef1485\" data-element_type=\"section\">\n\t\t\t\t\t\t<div class=\"elementor-container elementor-column-gap-default\">\n\t\t\t\t\t<div class=\"elementor-column elementor-col-50 elementor-top-column elementor-element elementor-element-cb2319e\" data-id=\"cb2319e\" data-element_type=\"column\">\n\t\t\t<div class=\"elementor-widget-wrap\">\n\t\t\t\t\t\t\t\t\t<\/div>\n\t\t<\/div>\n\t\t\t\t<div class=\"elementor-column elementor-col-50 elementor-top-column elementor-element elementor-element-16acc60\" data-id=\"16acc60\" data-element_type=\"column\">\n\t\t\t<div class=\"elementor-widget-wrap\">\n\t\t\t\t\t\t\t\t\t<\/div>\n\t\t<\/div>\n\t\t\t\t\t\t\t<\/div>\n\t\t<\/section>\n\t\t\t\t\t\t\t<\/div>\n\t\t","protected":false},"excerpt":{"rendered":"<p>atelier r\u00e9paration &#8211; transformation Cet atelier s&rsquo;adresse \u00e0 tout public, d\u00e9butant ou confirm\u00e9, \u00e0 partir de 8 ans Le cours a lieu \u00e0 Lorient.Dans une maison individuelle en centre-ville. Horaires :le lundi 17hoo-19hoo Pas plus de 5 personnes. Tarifscours \u00e0 l&rsquo;unit\u00e9 = 30 euroscours au trimestre (environ 12 cours) = 330 euroscours \u00e0 l&rsquo;ann\u00e9e = [&hellip;]<\/p>\n","protected":false},"author":1,"featured_media":0,"parent":0,"menu_order":0,"comment_status":"closed","ping_status":"closed","template":"","meta":{"footnotes":""},"jetpack_sharing_enabled":true,"_links":{"self":[{"href":"https:\/\/catpied.fr\/index.php?rest_route=\/wp\/v2\/pages\/959"}],"collection":[{"href":"https:\/\/catpied.fr\/index.php?rest_route=\/wp\/v2\/pages"}],"about":[{"href":"https:\/\/catpied.fr\/index.php?rest_route=\/wp\/v2\/types\/page"}],"author":[{"embeddable":true,"href":"https:\/\/catpied.fr\/index.php?rest_route=\/wp\/v2\/users\/1"}],"replies":[{"embeddable":true,"href":"https:\/\/catpied.fr\/index.php?rest_route=%2Fwp%2Fv2%2Fcomments&post=959"}],"version-history":[{"count":77,"href":"https:\/\/catpied.fr\/index.php?rest_route=\/wp\/v2\/pages\/959\/revisions"}],"predecessor-version":[{"id":1540,"href":"https:\/\/catpied.fr\/index.php?rest_route=\/wp\/v2\/pages\/959\/revisions\/1540"}],"wp:attachment":[{"href":"https:\/\/catpied.fr\/index.php?rest_route=%2Fwp%2Fv2%2Fmedia&parent=959"}],"curies":[{"name":"wp","href":"https:\/\/api.w.org\/{rel}","templated":true}]}}