{"id":891,"date":"2022-10-17T18:33:15","date_gmt":"2022-10-17T16:33:15","guid":{"rendered":"http:\/\/catpied.fr\/?page_id=891"},"modified":"2022-10-17T18:43:30","modified_gmt":"2022-10-17T16:43:30","slug":"gilets","status":"publish","type":"page","link":"https:\/\/catpied.fr\/?page_id=891","title":{"rendered":"gilets"},"content":{"rendered":"\t\t<div data-elementor-type=\"wp-page\" data-elementor-id=\"891\" class=\"elementor elementor-891\">\n\t\t\t\t\t\t\t\t\t<section class=\"elementor-section elementor-top-section elementor-element elementor-element-60daf56 elementor-section-boxed elementor-section-height-default elementor-section-height-default\" data-id=\"60daf56\" data-element_type=\"section\">\n\t\t\t\t\t\t<div class=\"elementor-container elementor-column-gap-default\">\n\t\t\t\t\t<div class=\"elementor-column elementor-col-100 elementor-top-column elementor-element elementor-element-cd56d2a\" data-id=\"cd56d2a\" data-element_type=\"column\">\n\t\t\t<div class=\"elementor-widget-wrap elementor-element-populated\">\n\t\t\t\t\t\t\t\t<div class=\"elementor-element elementor-element-1fc245c elementor-widget elementor-widget-text-editor\" data-id=\"1fc245c\" data-element_type=\"widget\" data-widget_type=\"text-editor.default\">\n\t\t\t\t<div class=\"elementor-widget-container\">\n\t\t\t\t\t\t\t<p style=\"text-align: center;\"><strong>Notre boutique on line vous accueillera tr\u00e8s bient\u00f4t.<br \/>Pour toute demande de renseignements, n&rsquo;h\u00e9sitez pas \u00e0 nous contacter !<br \/><\/strong><\/p>\t\t\t\t\t\t<\/div>\n\t\t\t\t<\/div>\n\t\t\t\t<div class=\"elementor-element elementor-element-c0bcd14 elementor-align-center elementor-widget elementor-widget-button\" data-id=\"c0bcd14\" data-element_type=\"widget\" data-widget_type=\"button.default\">\n\t\t\t\t<div class=\"elementor-widget-container\">\n\t\t\t\t\t<div class=\"elementor-button-wrapper\">\n\t\t\t<a class=\"elementor-button elementor-button-link elementor-size-sm\" href=\"https:\/\/catpied.fr\/?page_id=849\">\n\t\t\t\t\t\t<span class=\"elementor-button-content-wrapper\">\n\t\t\t\t\t\t<span class=\"elementor-button-text\">vers le formulaire de contact<\/span>\n\t\t<\/span>\n\t\t\t\t\t<\/a>\n\t\t<\/div>\n\t\t\t\t<\/div>\n\t\t\t\t<\/div>\n\t\t\t\t\t<\/div>\n\t\t<\/div>\n\t\t\t\t\t\t\t<\/div>\n\t\t<\/section>\n\t\t\t\t\t\t\t<\/div>\n\t\t","protected":false},"excerpt":{"rendered":"<p>Notre boutique on line vous accueillera tr\u00e8s bient\u00f4t.Pour toute demande de renseignements, n&rsquo;h\u00e9sitez pas \u00e0 nous contacter ! vers le formulaire de contact<\/p>\n","protected":false},"author":1,"featured_media":0,"parent":0,"menu_order":0,"comment_status":"closed","ping_status":"closed","template":"","meta":{"footnotes":""},"jetpack_sharing_enabled":true,"_links":{"self":[{"href":"https:\/\/catpied.fr\/index.php?rest_route=\/wp\/v2\/pages\/891"}],"collection":[{"href":"https:\/\/catpied.fr\/index.php?rest_route=\/wp\/v2\/pages"}],"about":[{"href":"https:\/\/catpied.fr\/index.php?rest_route=\/wp\/v2\/types\/page"}],"author":[{"embeddable":true,"href":"https:\/\/catpied.fr\/index.php?rest_route=\/wp\/v2\/users\/1"}],"replies":[{"embeddable":true,"href":"https:\/\/catpied.fr\/index.php?rest_route=%2Fwp%2Fv2%2Fcomments&post=891"}],"version-history":[{"count":7,"href":"https:\/\/catpied.fr\/index.php?rest_route=\/wp\/v2\/pages\/891\/revisions"}],"predecessor-version":[{"id":933,"href":"https:\/\/catpied.fr\/index.php?rest_route=\/wp\/v2\/pages\/891\/revisions\/933"}],"wp:attachment":[{"href":"https:\/\/catpied.fr\/index.php?rest_route=%2Fwp%2Fv2%2Fmedia&parent=891"}],"curies":[{"name":"wp","href":"https:\/\/api.w.org\/{rel}","templated":true}]}}