{"id":849,"date":"2022-10-17T16:23:06","date_gmt":"2022-10-17T14:23:06","guid":{"rendered":"http:\/\/catpied.fr\/?page_id=849"},"modified":"2022-10-17T16:49:03","modified_gmt":"2022-10-17T14:49:03","slug":"nous-contacter","status":"publish","type":"page","link":"https:\/\/catpied.fr\/?page_id=849","title":{"rendered":"nous contacter"},"content":{"rendered":"\t\t<div data-elementor-type=\"wp-page\" data-elementor-id=\"849\" class=\"elementor elementor-849\">\n\t\t\t\t\t\t\t\t\t<section class=\"elementor-section elementor-top-section elementor-element elementor-element-9fb44e8 elementor-section-boxed elementor-section-height-default elementor-section-height-default\" data-id=\"9fb44e8\" data-element_type=\"section\">\n\t\t\t\t\t\t<div class=\"elementor-container elementor-column-gap-default\">\n\t\t\t\t\t<div class=\"elementor-column elementor-col-100 elementor-top-column elementor-element elementor-element-299af99\" data-id=\"299af99\" data-element_type=\"column\">\n\t\t\t<div class=\"elementor-widget-wrap elementor-element-populated\">\n\t\t\t\t\t\t\t\t<div class=\"elementor-element elementor-element-bbba9d5 elementor-widget elementor-widget-heading\" data-id=\"bbba9d5\" data-element_type=\"widget\" data-widget_type=\"heading.default\">\n\t\t\t\t<div class=\"elementor-widget-container\">\n\t\t\t<h2 class=\"elementor-heading-title elementor-size-default\">Pour nous contacter<\/h2>\t\t<\/div>\n\t\t\t\t<\/div>\n\t\t\t\t<div class=\"elementor-element elementor-element-e7d2f5f elementor-widget elementor-widget-text-editor\" data-id=\"e7d2f5f\" data-element_type=\"widget\" data-widget_type=\"text-editor.default\">\n\t\t\t\t<div class=\"elementor-widget-container\">\n\t\t\t\t\t\t\t<p>Vous voulez upcycler votre garde-robe ?<br \/>Vous avez choisi un de nos mod\u00e8les et vous voulez le faire fabriquer \u00e0 vos mesures ?<br \/>Vous souhaitez venir \u00e0 l&rsquo;atelier d\u00e9couvrir et essayer nos mod\u00e8les ?<br \/>Vous voulez plus de d\u00e9tails au sujet d&rsquo;une de nos cr\u00e9ations ?<br \/>N&rsquo;h\u00e9sitez pas \u00e0 nous contacter !<\/p>\t\t\t\t\t\t<\/div>\n\t\t\t\t<\/div>\n\t\t\t\t<div class=\"elementor-element elementor-element-301093f elementor-widget elementor-widget-wpforms\" data-id=\"301093f\" data-element_type=\"widget\" data-widget_type=\"wpforms.default\">\n\t\t\t\t<div class=\"elementor-widget-container\">\n\t\t\t<div class=\"wpforms-container wpforms-container-full\" id=\"wpforms-270\"><form id=\"wpforms-form-270\" class=\"wpforms-validate wpforms-form\" data-formid=\"270\" method=\"post\" enctype=\"multipart\/form-data\" action=\"\/index.php?rest_route=%2Fwp%2Fv2%2Fpages%2F849\" data-token=\"df1eaa782a2d6bc9eb8a7c63755102f0\"><noscript class=\"wpforms-error-noscript\">Veuillez activer JavaScript dans votre navigateur pour remplir ce formulaire.<\/noscript><div class=\"wpforms-field-container\"><div id=\"wpforms-270-field_0-container\" class=\"wpforms-field wpforms-field-name\" data-field-id=\"0\"><label class=\"wpforms-field-label\" for=\"wpforms-270-field_0\">Qui \u00eates vous ? <span class=\"wpforms-required-label\">*<\/span><\/label><div class=\"wpforms-field-row wpforms-field-medium\"><div class=\"wpforms-field-row-block wpforms-first wpforms-one-half\"><input type=\"text\" id=\"wpforms-270-field_0\" class=\"wpforms-field-name-first wpforms-field-required\" name=\"wpforms[fields][0][first]\" required><label for=\"wpforms-270-field_0\" class=\"wpforms-field-sublabel after \">Pr\u00e9nom<\/label><\/div><div class=\"wpforms-field-row-block wpforms-one-half\"><input type=\"text\" id=\"wpforms-270-field_0-last\" class=\"wpforms-field-name-last wpforms-field-required\" name=\"wpforms[fields][0][last]\" required><label for=\"wpforms-270-field_0-last\" class=\"wpforms-field-sublabel after \">Nom<\/label><\/div><\/div><\/div><div id=\"wpforms-270-field_1-container\" class=\"wpforms-field wpforms-field-email\" data-field-id=\"1\"><label class=\"wpforms-field-label\" for=\"wpforms-270-field_1\">Votre adresse mail <span class=\"wpforms-required-label\">*<\/span><\/label><input type=\"email\" id=\"wpforms-270-field_1\" class=\"wpforms-field-medium wpforms-field-required\" name=\"wpforms[fields][1]\" spellcheck=\"false\" required><\/div><div id=\"wpforms-270-field_2-container\" class=\"wpforms-field wpforms-field-textarea\" data-field-id=\"2\"><label class=\"wpforms-field-label\" for=\"wpforms-270-field_2\">Que puis je faire pour vous ? <span class=\"wpforms-required-label\">*<\/span><\/label><textarea id=\"wpforms-270-field_2\" class=\"wpforms-field-medium wpforms-field-required\" name=\"wpforms[fields][2]\" required><\/textarea><\/div><\/div><!-- .wpforms-field-container --><div class=\"wpforms-submit-container\" ><input type=\"hidden\" name=\"wpforms[id]\" value=\"270\"><input type=\"hidden\" name=\"wpforms[author]\" value=\"1\"><button type=\"submit\" name=\"wpforms[submit]\" id=\"wpforms-submit-270\" class=\"wpforms-submit\" data-alt-text=\"Envoi...\" data-submit-text=\"Envoyer\" aria-live=\"assertive\" value=\"wpforms-submit\">Envoyer<\/button><\/div><\/form><\/div>  <!-- .wpforms-container -->\t\t<\/div>\n\t\t\t\t<\/div>\n\t\t\t\t\t<\/div>\n\t\t<\/div>\n\t\t\t\t\t\t\t<\/div>\n\t\t<\/section>\n\t\t\t\t\t\t\t<\/div>\n\t\t","protected":false},"excerpt":{"rendered":"<p>Pour nous contacter Vous voulez upcycler votre garde-robe ?Vous avez choisi un de nos mod\u00e8les et vous voulez le faire fabriquer \u00e0 vos mesures ?Vous souhaitez venir \u00e0 l&rsquo;atelier d\u00e9couvrir et essayer nos mod\u00e8les ?Vous voulez plus de d\u00e9tails au sujet d&rsquo;une de nos cr\u00e9ations ?N&rsquo;h\u00e9sitez pas \u00e0 nous contacter !<\/p>\n","protected":false},"author":1,"featured_media":0,"parent":0,"menu_order":0,"comment_status":"closed","ping_status":"closed","template":"","meta":{"footnotes":""},"jetpack_sharing_enabled":true,"_links":{"self":[{"href":"https:\/\/catpied.fr\/index.php?rest_route=\/wp\/v2\/pages\/849"}],"collection":[{"href":"https:\/\/catpied.fr\/index.php?rest_route=\/wp\/v2\/pages"}],"about":[{"href":"https:\/\/catpied.fr\/index.php?rest_route=\/wp\/v2\/types\/page"}],"author":[{"embeddable":true,"href":"https:\/\/catpied.fr\/index.php?rest_route=\/wp\/v2\/users\/1"}],"replies":[{"embeddable":true,"href":"https:\/\/catpied.fr\/index.php?rest_route=%2Fwp%2Fv2%2Fcomments&post=849"}],"version-history":[{"count":6,"href":"https:\/\/catpied.fr\/index.php?rest_route=\/wp\/v2\/pages\/849\/revisions"}],"predecessor-version":[{"id":857,"href":"https:\/\/catpied.fr\/index.php?rest_route=\/wp\/v2\/pages\/849\/revisions\/857"}],"wp:attachment":[{"href":"https:\/\/catpied.fr\/index.php?rest_route=%2Fwp%2Fv2%2Fmedia&parent=849"}],"curies":[{"name":"wp","href":"https:\/\/api.w.org\/{rel}","templated":true}]}}