{"id":380,"date":"2022-09-22T12:42:51","date_gmt":"2022-09-22T10:42:51","guid":{"rendered":"http:\/\/catpied.fr\/?page_id=380"},"modified":"2022-10-24T17:31:18","modified_gmt":"2022-10-24T15:31:18","slug":"en-appartement","status":"publish","type":"page","link":"https:\/\/catpied.fr\/?page_id=380","title":{"rendered":"en appartement"},"content":{"rendered":"\t\t<div data-elementor-type=\"wp-page\" data-elementor-id=\"380\" class=\"elementor elementor-380\">\n\t\t\t\t\t\t\t\t\t<section class=\"elementor-section elementor-top-section elementor-element elementor-element-563ab05 elementor-section-boxed elementor-section-height-default elementor-section-height-default\" data-id=\"563ab05\" data-element_type=\"section\">\n\t\t\t\t\t\t<div class=\"elementor-container elementor-column-gap-default\">\n\t\t\t\t\t<div class=\"elementor-column elementor-col-100 elementor-top-column elementor-element elementor-element-c5bad83\" data-id=\"c5bad83\" data-element_type=\"column\">\n\t\t\t<div class=\"elementor-widget-wrap elementor-element-populated\">\n\t\t\t\t\t\t\t\t<div class=\"elementor-element elementor-element-cce63fe elementor-widget elementor-widget-heading\" data-id=\"cce63fe\" data-element_type=\"widget\" data-widget_type=\"heading.default\">\n\t\t\t\t<div class=\"elementor-widget-container\">\n\t\t\t<h2 class=\"elementor-heading-title elementor-size-default\">En appartement ...<\/h2>\t\t<\/div>\n\t\t\t\t<\/div>\n\t\t\t\t<div class=\"elementor-element elementor-element-e7ae826 elementor-widget elementor-widget-text-editor\" data-id=\"e7ae826\" data-element_type=\"widget\" data-widget_type=\"text-editor.default\">\n\t\t\t\t<div class=\"elementor-widget-container\">\n\t\t\t\t\t\t\t<p>Nos mod\u00e8les se d\u00e9placent chez vous !<br \/>Parce que nous pensons que l&rsquo;on n&rsquo;ach\u00e8te pas un v\u00eatement comme un paquet de mouchoirs jetables, nous souhaitons aller \u00e0 la rencontre de nos clientes dans un contexte un peu plus riche et chaleureux que celui d&rsquo;un site internet.<br \/>Les personnes qui appr\u00e9cient notre travail et souhaitent le faire d\u00e9couvrir \u00e0 leurs ami\u00b7e\u00b7s\u00a0 accueillent donc nos v\u00eatements chez elles, pendant un apr\u00e8s-midi ou un week-end.<br \/>Ces moments de pr\u00e9sentation et de vente nous permettent de mieux vous conna\u00eetre et de partager les id\u00e9es qui nous animent : le v\u00eatement, la mati\u00e8re, le mouvement, l&rsquo;\u00e9cologie, l&rsquo;amour du travail de la main, le d\u00e9tail qui change tout, etc.<br \/>Ces moments nous permettent aussi de vous voir essayer nos cr\u00e9ations, de voir ce qui vous touche ou vous interroge, d&rsquo;observer la fa\u00e7on dont vous nouer une ceinture, dont vous remontez votre col, dont vous mettez les mains dans les poches (haaa, l&rsquo;importance des poches !!).<\/p><p><a href=\"https:\/\/catpied.fr\/?wpforms_form_preview=1071\">Pourquoi pas une prochaine fois chez vous ?<\/a><\/p>\t\t\t\t\t\t<\/div>\n\t\t\t\t<\/div>\n\t\t\t\t<div class=\"elementor-element elementor-element-7818fe3 elementor-widget elementor-widget-spacer\" data-id=\"7818fe3\" data-element_type=\"widget\" data-widget_type=\"spacer.default\">\n\t\t\t\t<div class=\"elementor-widget-container\">\n\t\t\t\t\t<div class=\"elementor-spacer\">\n\t\t\t<div class=\"elementor-spacer-inner\"><\/div>\n\t\t<\/div>\n\t\t\t\t<\/div>\n\t\t\t\t<\/div>\n\t\t\t\t\t<\/div>\n\t\t<\/div>\n\t\t\t\t\t\t\t<\/div>\n\t\t<\/section>\n\t\t\t\t<section class=\"elementor-section elementor-top-section elementor-element elementor-element-87bfb87 elementor-section-boxed elementor-section-height-default elementor-section-height-default\" data-id=\"87bfb87\" data-element_type=\"section\">\n\t\t\t\t\t\t<div class=\"elementor-container elementor-column-gap-default\">\n\t\t\t\t\t<div class=\"elementor-column elementor-col-50 elementor-top-column elementor-element elementor-element-2edb7ec\" data-id=\"2edb7ec\" data-element_type=\"column\">\n\t\t\t<div class=\"elementor-widget-wrap elementor-element-populated\">\n\t\t\t\t\t\t\t\t<div class=\"elementor-element elementor-element-784efff elementor-widget elementor-widget-image\" data-id=\"784efff\" data-element_type=\"widget\" data-widget_type=\"image.default\">\n\t\t\t\t<div class=\"elementor-widget-container\">\n\t\t\t\t\t\t\t\t\t\t\t\t\t\t\t<img decoding=\"async\" loading=\"lazy\" width=\"1024\" height=\"717\" src=\"https:\/\/catpied.fr\/wp-content\/uploads\/2022\/10\/salon-4-1024x717.png\" class=\"attachment-large size-large wp-image-1080\" alt=\"\" srcset=\"https:\/\/catpied.fr\/wp-content\/uploads\/2022\/10\/salon-4-1024x717.png 1024w, https:\/\/catpied.fr\/wp-content\/uploads\/2022\/10\/salon-4-300x210.png 300w, https:\/\/catpied.fr\/wp-content\/uploads\/2022\/10\/salon-4-768x538.png 768w, https:\/\/catpied.fr\/wp-content\/uploads\/2022\/10\/salon-4-1536x1076.png 1536w, https:\/\/catpied.fr\/wp-content\/uploads\/2022\/10\/salon-4-2048x1435.png 2048w, https:\/\/catpied.fr\/wp-content\/uploads\/2022\/10\/salon-4-600x420.png 600w\" sizes=\"(max-width: 1024px) 100vw, 1024px\" \/>\t\t\t\t\t\t\t\t\t\t\t\t\t\t\t<\/div>\n\t\t\t\t<\/div>\n\t\t\t\t\t<\/div>\n\t\t<\/div>\n\t\t\t\t<div class=\"elementor-column elementor-col-50 elementor-top-column elementor-element elementor-element-ef845fe\" data-id=\"ef845fe\" data-element_type=\"column\">\n\t\t\t<div class=\"elementor-widget-wrap elementor-element-populated\">\n\t\t\t\t\t\t\t\t<div class=\"elementor-element elementor-element-c3251a9 elementor-widget elementor-widget-heading\" data-id=\"c3251a9\" data-element_type=\"widget\" data-widget_type=\"heading.default\">\n\t\t\t\t<div class=\"elementor-widget-container\">\n\t\t\t<h2 class=\"elementor-heading-title elementor-size-default\">Chez Fran\u00e7oise et Christian<\/h2>\t\t<\/div>\n\t\t\t\t<\/div>\n\t\t\t\t<div class=\"elementor-element elementor-element-c90544c elementor-widget elementor-widget-text-editor\" data-id=\"c90544c\" data-element_type=\"widget\" data-widget_type=\"text-editor.default\">\n\t\t\t\t<div class=\"elementor-widget-container\">\n\t\t\t\t\t\t\t<p>Fran\u00e7oise et Christian nous ont accueillis chez eux \u00e0 la toute fin de l&rsquo;ann\u00e9e 2019.<br \/>Nous ne savions \u00e9videmment pas \u00e0 l&rsquo;\u00e9poque que nous nous retrouverions confin\u00e9s chez nous dans les mois qui suivraient&#8230;<br \/>La lumi\u00e8re dans l&rsquo;appartement \u00e9tait id\u00e9ale pour essayer des v\u00eatements !<br \/>Beaucoup de discussions autour des probl\u00e8mes \u00e9cologiques et \u00e9thiques li\u00e9s \u00e0 la production et consommation de v\u00eatements.<br \/>Beaucoup d&rsquo;encouragements aussi \u00e0 poursuivre ce travail artisanal de l&rsquo;upcycling.<br \/>Une r\u00e9ussite et l&rsquo;envie de recommencer au plus vite, ce qui ne sera h\u00e9las pas possible avant de longs mois.<\/p>\t\t\t\t\t\t<\/div>\n\t\t\t\t<\/div>\n\t\t\t\t\t<\/div>\n\t\t<\/div>\n\t\t\t\t\t\t\t<\/div>\n\t\t<\/section>\n\t\t\t\t\t\t\t<\/div>\n\t\t","protected":false},"excerpt":{"rendered":"<p>En appartement &#8230; Nos mod\u00e8les se d\u00e9placent chez vous !Parce que nous pensons que l&rsquo;on n&rsquo;ach\u00e8te pas un v\u00eatement comme un paquet de mouchoirs jetables, nous souhaitons aller \u00e0 la rencontre de nos clientes dans un contexte un peu plus riche et chaleureux que celui d&rsquo;un site internet.Les personnes qui appr\u00e9cient notre travail et souhaitent [&hellip;]<\/p>\n","protected":false},"author":1,"featured_media":0,"parent":0,"menu_order":0,"comment_status":"closed","ping_status":"closed","template":"","meta":{"footnotes":""},"jetpack_sharing_enabled":true,"_links":{"self":[{"href":"https:\/\/catpied.fr\/index.php?rest_route=\/wp\/v2\/pages\/380"}],"collection":[{"href":"https:\/\/catpied.fr\/index.php?rest_route=\/wp\/v2\/pages"}],"about":[{"href":"https:\/\/catpied.fr\/index.php?rest_route=\/wp\/v2\/types\/page"}],"author":[{"embeddable":true,"href":"https:\/\/catpied.fr\/index.php?rest_route=\/wp\/v2\/users\/1"}],"replies":[{"embeddable":true,"href":"https:\/\/catpied.fr\/index.php?rest_route=%2Fwp%2Fv2%2Fcomments&post=380"}],"version-history":[{"count":16,"href":"https:\/\/catpied.fr\/index.php?rest_route=\/wp\/v2\/pages\/380\/revisions"}],"predecessor-version":[{"id":1202,"href":"https:\/\/catpied.fr\/index.php?rest_route=\/wp\/v2\/pages\/380\/revisions\/1202"}],"wp:attachment":[{"href":"https:\/\/catpied.fr\/index.php?rest_route=%2Fwp%2Fv2%2Fmedia&parent=380"}],"curies":[{"name":"wp","href":"https:\/\/api.w.org\/{rel}","templated":true}]}}