{"id":376,"date":"2022-09-22T12:34:23","date_gmt":"2022-09-22T10:34:23","guid":{"rendered":"http:\/\/catpied.fr\/?page_id=376"},"modified":"2022-10-24T19:12:54","modified_gmt":"2022-10-24T17:12:54","slug":"pieces-uniques","status":"publish","type":"page","link":"https:\/\/catpied.fr\/?page_id=376","title":{"rendered":"pi\u00e8ces uniques"},"content":{"rendered":"\t\t<div data-elementor-type=\"wp-page\" data-elementor-id=\"376\" class=\"elementor elementor-376\">\n\t\t\t\t\t\t\t\t\t<section class=\"elementor-section elementor-top-section elementor-element elementor-element-7b6c109 elementor-section-boxed elementor-section-height-default elementor-section-height-default\" data-id=\"7b6c109\" data-element_type=\"section\">\n\t\t\t\t\t\t<div class=\"elementor-container elementor-column-gap-default\">\n\t\t\t\t\t<div class=\"elementor-column elementor-col-100 elementor-top-column elementor-element elementor-element-408bcab\" data-id=\"408bcab\" data-element_type=\"column\">\n\t\t\t<div class=\"elementor-widget-wrap elementor-element-populated\">\n\t\t\t\t\t\t\t\t<div class=\"elementor-element elementor-element-06bc4f6 elementor-widget elementor-widget-heading\" data-id=\"06bc4f6\" data-element_type=\"widget\" data-widget_type=\"heading.default\">\n\t\t\t\t<div class=\"elementor-widget-container\">\n\t\t\t<h2 class=\"elementor-heading-title elementor-size-default\">Des pi\u00e8ces tout \u00e0 fait singuli\u00e8res et uniques.<\/h2>\t\t<\/div>\n\t\t\t\t<\/div>\n\t\t\t\t<div class=\"elementor-element elementor-element-cd468f1 elementor-widget elementor-widget-text-editor\" data-id=\"cd468f1\" data-element_type=\"widget\" data-widget_type=\"text-editor.default\">\n\t\t\t\t<div class=\"elementor-widget-container\">\n\t\t\t\t\t\t\t<p>Ces v\u00eatements ont \u00e9t\u00e9 cr\u00e9\u00e9s sans patron, ils ne sont donc pas reproductibles \u00e0 l&rsquo;identique.<br \/>Chaque pi\u00e8ce \u00e0 son histoire. Que ce soient des v\u00eatements fabriqu\u00e9s pour habiller des agents municipaux d&rsquo;un service culturel. Que ce soit une veste trouv\u00e9e dans la rue, modifi\u00e9e gr\u00e2ce un morceau de tissu chin\u00e9 en ressourcerie et par la broderie. Ou encore des prototypes de recherche \u00e0 l&rsquo;atelier.<\/p>\t\t\t\t\t\t<\/div>\n\t\t\t\t<\/div>\n\t\t\t\t\t<\/div>\n\t\t<\/div>\n\t\t\t\t\t\t\t<\/div>\n\t\t<\/section>\n\t\t\t\t<section class=\"elementor-section elementor-top-section elementor-element elementor-element-1b50213 elementor-section-boxed elementor-section-height-default elementor-section-height-default\" data-id=\"1b50213\" data-element_type=\"section\">\n\t\t\t\t\t\t<div class=\"elementor-container elementor-column-gap-default\">\n\t\t\t\t\t<div class=\"elementor-column elementor-col-100 elementor-top-column elementor-element elementor-element-10830ba\" data-id=\"10830ba\" data-element_type=\"column\">\n\t\t\t<div class=\"elementor-widget-wrap elementor-element-populated\">\n\t\t\t\t\t\t\t\t<div class=\"elementor-element elementor-element-2cce499 elementor-widget elementor-widget-text-editor\" data-id=\"2cce499\" data-element_type=\"widget\" data-widget_type=\"text-editor.default\">\n\t\t\t\t<div class=\"elementor-widget-container\">\n\t\t\t\t\t\t\t<p style=\"text-align: center;\"><strong>Notre boutique on line vous accueillera tr\u00e8s bient\u00f4t.<br \/>Pour toute demande de renseignements, n\u2019h\u00e9sitez pas \u00e0 nous contacter !<\/strong><\/p>\t\t\t\t\t\t<\/div>\n\t\t\t\t<\/div>\n\t\t\t\t<div class=\"elementor-element elementor-element-5bf4986 elementor-align-center elementor-widget elementor-widget-button\" data-id=\"5bf4986\" data-element_type=\"widget\" data-widget_type=\"button.default\">\n\t\t\t\t<div class=\"elementor-widget-container\">\n\t\t\t\t\t<div class=\"elementor-button-wrapper\">\n\t\t\t<a class=\"elementor-button elementor-button-link elementor-size-sm\" href=\"https:\/\/catpied.fr\/?page_id=849\">\n\t\t\t\t\t\t<span class=\"elementor-button-content-wrapper\">\n\t\t\t\t\t\t<span class=\"elementor-button-text\">vers le formulaire de contact<\/span>\n\t\t<\/span>\n\t\t\t\t\t<\/a>\n\t\t<\/div>\n\t\t\t\t<\/div>\n\t\t\t\t<\/div>\n\t\t\t\t\t<\/div>\n\t\t<\/div>\n\t\t\t\t\t\t\t<\/div>\n\t\t<\/section>\n\t\t\t\t\t\t\t<\/div>\n\t\t","protected":false},"excerpt":{"rendered":"<p>Des pi\u00e8ces tout \u00e0 fait singuli\u00e8res et uniques. Ces v\u00eatements ont \u00e9t\u00e9 cr\u00e9\u00e9s sans patron, ils ne sont donc pas reproductibles \u00e0 l&rsquo;identique.Chaque pi\u00e8ce \u00e0 son histoire. Que ce soient des v\u00eatements fabriqu\u00e9s pour habiller des agents municipaux d&rsquo;un service culturel. Que ce soit une veste trouv\u00e9e dans la rue, modifi\u00e9e gr\u00e2ce un morceau de [&hellip;]<\/p>\n","protected":false},"author":1,"featured_media":0,"parent":0,"menu_order":0,"comment_status":"closed","ping_status":"closed","template":"","meta":{"footnotes":""},"jetpack_sharing_enabled":true,"_links":{"self":[{"href":"https:\/\/catpied.fr\/index.php?rest_route=\/wp\/v2\/pages\/376"}],"collection":[{"href":"https:\/\/catpied.fr\/index.php?rest_route=\/wp\/v2\/pages"}],"about":[{"href":"https:\/\/catpied.fr\/index.php?rest_route=\/wp\/v2\/types\/page"}],"author":[{"embeddable":true,"href":"https:\/\/catpied.fr\/index.php?rest_route=\/wp\/v2\/users\/1"}],"replies":[{"embeddable":true,"href":"https:\/\/catpied.fr\/index.php?rest_route=%2Fwp%2Fv2%2Fcomments&post=376"}],"version-history":[{"count":13,"href":"https:\/\/catpied.fr\/index.php?rest_route=\/wp\/v2\/pages\/376\/revisions"}],"predecessor-version":[{"id":1291,"href":"https:\/\/catpied.fr\/index.php?rest_route=\/wp\/v2\/pages\/376\/revisions\/1291"}],"wp:attachment":[{"href":"https:\/\/catpied.fr\/index.php?rest_route=%2Fwp%2Fv2%2Fmedia&parent=376"}],"curies":[{"name":"wp","href":"https:\/\/api.w.org\/{rel}","templated":true}]}}