{"id":1020,"date":"2022-10-24T10:23:06","date_gmt":"2022-10-24T08:23:06","guid":{"rendered":"http:\/\/catpied.fr\/?page_id=1020"},"modified":"2022-10-24T19:14:33","modified_gmt":"2022-10-24T17:14:33","slug":"broderies-nathalie","status":"publish","type":"page","link":"https:\/\/catpied.fr\/?page_id=1020","title":{"rendered":"broderies Nathalie"},"content":{"rendered":"\t\t<div data-elementor-type=\"wp-page\" data-elementor-id=\"1020\" class=\"elementor elementor-1020\">\n\t\t\t\t\t\t\t\t\t<section class=\"elementor-section elementor-top-section elementor-element elementor-element-ae84377 elementor-section-content-middle elementor-section-boxed elementor-section-height-default elementor-section-height-default\" data-id=\"ae84377\" data-element_type=\"section\">\n\t\t\t\t\t\t<div class=\"elementor-container elementor-column-gap-default\">\n\t\t\t\t\t<div class=\"elementor-column elementor-col-100 elementor-top-column elementor-element elementor-element-7e1134e\" data-id=\"7e1134e\" data-element_type=\"column\">\n\t\t\t<div class=\"elementor-widget-wrap elementor-element-populated\">\n\t\t\t\t\t\t\t\t<div class=\"elementor-element elementor-element-7e7b9a9 elementor-widget elementor-widget-heading\" data-id=\"7e7b9a9\" data-element_type=\"widget\" data-widget_type=\"heading.default\">\n\t\t\t\t<div class=\"elementor-widget-container\">\n\t\t\t<h2 class=\"elementor-heading-title elementor-size-default\">Broderie et r\u00e9paration.<\/h2>\t\t<\/div>\n\t\t\t\t<\/div>\n\t\t\t\t<div class=\"elementor-element elementor-element-0216b46 elementor-widget__width-initial elementor-widget elementor-widget-text-editor\" data-id=\"0216b46\" data-element_type=\"widget\" data-widget_type=\"text-editor.default\">\n\t\t\t\t<div class=\"elementor-widget-container\">\n\t\t\t\t\t\t\t<p>Un v\u00eatement usag\u00e9, c&rsquo;est un v\u00eatement qui pr\u00e9sente des accros, des fragilit\u00e9s. Un v\u00eatement que l&rsquo;on d\u00e9monte est lui aussi coup\u00e9 \u00e0 certains endroits, l\u00e0 o\u00f9 existait une poche par exemple, l\u00e0 o\u00f9 on a d\u00e9garni ou plaqu\u00e9 quelque chose &#8230; Autant de traces que nous souhaitons pr\u00e9server pour sauvegarder le souvenir des pr\u00e9c\u00e9dentes vies du v\u00eatement. Des traces qui cr\u00e9ent de fait des motifs color\u00e9s al\u00e9atoires.<br \/>Nous avons demand\u00e9 \u00e0 la brodeuse Nathalie Dentzer de dessiner une biblioth\u00e8que de points qui nous permette de r\u00e9parer, solidifier, ornementer nos mod\u00e8les upcycl\u00e9s.<br \/>Le temps de la broderie est un temps long.<br \/>On place le tambour.<br \/>Le geste se r\u00e9p\u00e8te, parfois pendant de longues heures&#8230;<\/p>\t\t\t\t\t\t<\/div>\n\t\t\t\t<\/div>\n\t\t\t\t\t<\/div>\n\t\t<\/div>\n\t\t\t\t\t\t\t<\/div>\n\t\t<\/section>\n\t\t\t\t<section class=\"elementor-section elementor-top-section elementor-element elementor-element-cbf9661 elementor-section-content-middle elementor-section-boxed elementor-section-height-default elementor-section-height-default\" data-id=\"cbf9661\" data-element_type=\"section\">\n\t\t\t\t\t\t<div class=\"elementor-container elementor-column-gap-default\">\n\t\t\t\t\t<div class=\"elementor-column elementor-col-50 elementor-top-column elementor-element elementor-element-96e4211\" data-id=\"96e4211\" data-element_type=\"column\">\n\t\t\t<div class=\"elementor-widget-wrap elementor-element-populated\">\n\t\t\t\t\t\t\t\t<div class=\"elementor-element elementor-element-87f059c elementor-widget elementor-widget-text-editor\" data-id=\"87f059c\" data-element_type=\"widget\" data-widget_type=\"text-editor.default\">\n\t\t\t\t<div class=\"elementor-widget-container\">\n\t\t\t\t\t\t\t<p>Form\u00e9e \u00e0 l&rsquo;\u00e9cole Duperr\u00e9, Nathalie Dentzer enseigne la broderie et collabore r\u00e9guli\u00e8rement avec des magazines de travaux d&rsquo;aiguilles (derniers articles en date pour Marie-Claire id\u00e9es).<br \/>Elle vient de faire para\u00eetre un <a href=\"https:\/\/www.decitre.fr\/livres\/la-broderie-9782317029288.html\">livre<\/a> pour celles et ceux qui d\u00e9butent la broderie.<br \/>Sp\u00e9cialiste du fil de soie, elle cr\u00e9e notamment des kits pour l&rsquo;entreprise \u00ab\u00a0Once upon une fois\u00a0\u00bb, en partenariat avec \u00ab\u00a0Au ver \u00e0 soie\u00a0\u00bb \u00e0 Paris.<\/p><p>Amoureuse des objets qui ont une \u00e2me, elle a r\u00e9cemment install\u00e9 ses fils et ses tambours dans sa nouvelle boutique, une brocante d&rsquo;exception pour qui aime les petits objets patin\u00e9s et chin\u00e9s avec soin. C&rsquo;est <a href=\"https:\/\/www.facebook.com\/lalibellulesinguliere\">ici<\/a> <strong>!<\/strong><\/p>\t\t\t\t\t\t<\/div>\n\t\t\t\t<\/div>\n\t\t\t\t\t<\/div>\n\t\t<\/div>\n\t\t\t\t<div class=\"elementor-column elementor-col-50 elementor-top-column elementor-element elementor-element-d60a381\" data-id=\"d60a381\" data-element_type=\"column\">\n\t\t\t<div class=\"elementor-widget-wrap elementor-element-populated\">\n\t\t\t\t\t\t\t\t<div class=\"elementor-element elementor-element-3b151fc elementor-widget elementor-widget-image\" data-id=\"3b151fc\" data-element_type=\"widget\" data-widget_type=\"image.default\">\n\t\t\t\t<div class=\"elementor-widget-container\">\n\t\t\t\t\t\t\t\t\t\t\t\t\t\t\t<img decoding=\"async\" loading=\"lazy\" width=\"284\" height=\"300\" src=\"https:\/\/catpied.fr\/wp-content\/uploads\/2022\/10\/nath-ok-284x300.png\" class=\"attachment-medium size-medium wp-image-1149\" alt=\"\" srcset=\"https:\/\/catpied.fr\/wp-content\/uploads\/2022\/10\/nath-ok-284x300.png 284w, https:\/\/catpied.fr\/wp-content\/uploads\/2022\/10\/nath-ok.png 589w\" sizes=\"(max-width: 284px) 100vw, 284px\" \/>\t\t\t\t\t\t\t\t\t\t\t\t\t\t\t<\/div>\n\t\t\t\t<\/div>\n\t\t\t\t\t<\/div>\n\t\t<\/div>\n\t\t\t\t\t\t\t<\/div>\n\t\t<\/section>\n\t\t\t\t<section class=\"elementor-section elementor-top-section elementor-element elementor-element-b9d7bc9 elementor-section-content-middle elementor-section-boxed elementor-section-height-default elementor-section-height-default\" data-id=\"b9d7bc9\" data-element_type=\"section\">\n\t\t\t\t\t\t<div class=\"elementor-container elementor-column-gap-default\">\n\t\t\t\t\t<div class=\"elementor-column elementor-col-50 elementor-top-column elementor-element elementor-element-115613c\" data-id=\"115613c\" data-element_type=\"column\">\n\t\t\t<div class=\"elementor-widget-wrap elementor-element-populated\">\n\t\t\t\t\t\t\t\t<section class=\"elementor-section elementor-inner-section elementor-element elementor-element-ec7dbed elementor-section-boxed elementor-section-height-default elementor-section-height-default\" data-id=\"ec7dbed\" data-element_type=\"section\">\n\t\t\t\t\t\t<div class=\"elementor-container elementor-column-gap-default\">\n\t\t\t\t\t<div class=\"elementor-column elementor-col-50 elementor-inner-column elementor-element elementor-element-3eda6d2\" data-id=\"3eda6d2\" data-element_type=\"column\">\n\t\t\t<div class=\"elementor-widget-wrap elementor-element-populated\">\n\t\t\t\t\t\t\t\t<div class=\"elementor-element elementor-element-5eb4692 elementor-widget elementor-widget-image\" data-id=\"5eb4692\" data-element_type=\"widget\" data-widget_type=\"image.default\">\n\t\t\t\t<div class=\"elementor-widget-container\">\n\t\t\t\t\t\t\t\t\t\t\t\t\t\t\t<img decoding=\"async\" loading=\"lazy\" width=\"900\" height=\"900\" src=\"https:\/\/catpied.fr\/wp-content\/uploads\/2022\/10\/ECH7-rotated.jpg\" class=\"attachment-large size-large wp-image-1213\" alt=\"\" srcset=\"https:\/\/catpied.fr\/wp-content\/uploads\/2022\/10\/ECH7-rotated.jpg 900w, https:\/\/catpied.fr\/wp-content\/uploads\/2022\/10\/ECH7-300x300.jpg 300w, https:\/\/catpied.fr\/wp-content\/uploads\/2022\/10\/ECH7-150x150.jpg 150w, https:\/\/catpied.fr\/wp-content\/uploads\/2022\/10\/ECH7-768x768.jpg 768w, https:\/\/catpied.fr\/wp-content\/uploads\/2022\/10\/ECH7-600x600.jpg 600w, https:\/\/catpied.fr\/wp-content\/uploads\/2022\/10\/ECH7-100x100.jpg 100w\" sizes=\"(max-width: 900px) 100vw, 900px\" \/>\t\t\t\t\t\t\t\t\t\t\t\t\t\t\t<\/div>\n\t\t\t\t<\/div>\n\t\t\t\t\t<\/div>\n\t\t<\/div>\n\t\t\t\t<div class=\"elementor-column elementor-col-50 elementor-inner-column elementor-element elementor-element-56fcb23\" data-id=\"56fcb23\" data-element_type=\"column\">\n\t\t\t<div class=\"elementor-widget-wrap elementor-element-populated\">\n\t\t\t\t\t\t\t\t<div class=\"elementor-element elementor-element-10179e0 elementor-widget elementor-widget-image\" data-id=\"10179e0\" data-element_type=\"widget\" data-widget_type=\"image.default\">\n\t\t\t\t<div class=\"elementor-widget-container\">\n\t\t\t\t\t\t\t\t\t\t\t\t\t\t\t<img decoding=\"async\" loading=\"lazy\" width=\"900\" height=\"902\" src=\"https:\/\/catpied.fr\/wp-content\/uploads\/2022\/10\/ECH6-rotated-e1666627177706.jpg\" class=\"attachment-large size-large wp-image-1212\" alt=\"\" srcset=\"https:\/\/catpied.fr\/wp-content\/uploads\/2022\/10\/ECH6-rotated-e1666627177706.jpg 900w, https:\/\/catpied.fr\/wp-content\/uploads\/2022\/10\/ECH6-rotated-e1666627177706-300x300.jpg 300w, https:\/\/catpied.fr\/wp-content\/uploads\/2022\/10\/ECH6-rotated-e1666627177706-150x150.jpg 150w, https:\/\/catpied.fr\/wp-content\/uploads\/2022\/10\/ECH6-rotated-e1666627177706-768x770.jpg 768w, https:\/\/catpied.fr\/wp-content\/uploads\/2022\/10\/ECH6-rotated-e1666627177706-600x601.jpg 600w, https:\/\/catpied.fr\/wp-content\/uploads\/2022\/10\/ECH6-rotated-e1666627177706-100x100.jpg 100w\" sizes=\"(max-width: 900px) 100vw, 900px\" \/>\t\t\t\t\t\t\t\t\t\t\t\t\t\t\t<\/div>\n\t\t\t\t<\/div>\n\t\t\t\t\t<\/div>\n\t\t<\/div>\n\t\t\t\t\t\t\t<\/div>\n\t\t<\/section>\n\t\t\t\t\t<\/div>\n\t\t<\/div>\n\t\t\t\t<div class=\"elementor-column elementor-col-50 elementor-top-column elementor-element elementor-element-b430611\" data-id=\"b430611\" data-element_type=\"column\">\n\t\t\t<div class=\"elementor-widget-wrap elementor-element-populated\">\n\t\t\t\t\t\t\t\t<div class=\"elementor-element elementor-element-9bfbf6a elementor-widget elementor-widget-text-editor\" data-id=\"9bfbf6a\" data-element_type=\"widget\" data-widget_type=\"text-editor.default\">\n\t\t\t\t<div class=\"elementor-widget-container\">\n\t\t\t\t\t\t\t<blockquote><p><strong>La Libellule Singuli\u00e8re<\/strong><br \/>10 rue du 14 juillet<br \/>29 770 Audierne<br \/>\u00ab\u00a0<span class=\"x193iq5w xeuugli x13faqbe x1vvkbs x10flsy6 x1lliihq x1s928wv xhkezso x1gmr53x x1cpjm7i x1fgarty x1943h6x x4zkp8e x41vudc x6prxxf xvq8zen xo1l8bm xzsf02u\" dir=\"auto\">L&rsquo;espace Atelier de la boutique me permet de vous accueillir pour des stages de broderie. Pour la partie brocante, vous trouverez des bandes dessin\u00e9es anciennes, des livres, des vieux papiers, cpa, d\u00e9coupis, chromos, mais aussi des jouets vintage, des bondieuseries et des objets de curiosit\u00e9s.\u00a0\u00bb<\/span><\/p><\/blockquote>\t\t\t\t\t\t<\/div>\n\t\t\t\t<\/div>\n\t\t\t\t\t<\/div>\n\t\t<\/div>\n\t\t\t\t\t\t\t<\/div>\n\t\t<\/section>\n\t\t\t\t<section class=\"elementor-section elementor-top-section elementor-element elementor-element-6745d9d elementor-section-boxed elementor-section-height-default elementor-section-height-default\" data-id=\"6745d9d\" data-element_type=\"section\">\n\t\t\t\t\t\t<div class=\"elementor-container elementor-column-gap-default\">\n\t\t\t\t\t<div class=\"elementor-column elementor-col-50 elementor-top-column elementor-element elementor-element-dbe937b\" data-id=\"dbe937b\" data-element_type=\"column\">\n\t\t\t<div class=\"elementor-widget-wrap elementor-element-populated\">\n\t\t\t\t\t\t\t\t<section class=\"elementor-section elementor-inner-section elementor-element elementor-element-ce65fa7 elementor-section-boxed elementor-section-height-default elementor-section-height-default\" data-id=\"ce65fa7\" data-element_type=\"section\">\n\t\t\t\t\t\t<div class=\"elementor-container elementor-column-gap-default\">\n\t\t\t\t\t<div class=\"elementor-column elementor-col-50 elementor-inner-column elementor-element elementor-element-a5ce109\" data-id=\"a5ce109\" data-element_type=\"column\">\n\t\t\t<div class=\"elementor-widget-wrap elementor-element-populated\">\n\t\t\t\t\t\t\t\t<div class=\"elementor-element elementor-element-f506d9b elementor-widget elementor-widget-image\" data-id=\"f506d9b\" data-element_type=\"widget\" data-widget_type=\"image.default\">\n\t\t\t\t<div class=\"elementor-widget-container\">\n\t\t\t\t\t\t\t\t\t\t\t\t\t\t\t<img decoding=\"async\" loading=\"lazy\" width=\"900\" height=\"900\" src=\"https:\/\/catpied.fr\/wp-content\/uploads\/2022\/10\/ECH10.jpg\" class=\"attachment-large size-large wp-image-1216\" alt=\"\" srcset=\"https:\/\/catpied.fr\/wp-content\/uploads\/2022\/10\/ECH10.jpg 900w, https:\/\/catpied.fr\/wp-content\/uploads\/2022\/10\/ECH10-300x300.jpg 300w, https:\/\/catpied.fr\/wp-content\/uploads\/2022\/10\/ECH10-150x150.jpg 150w, https:\/\/catpied.fr\/wp-content\/uploads\/2022\/10\/ECH10-768x768.jpg 768w, https:\/\/catpied.fr\/wp-content\/uploads\/2022\/10\/ECH10-600x600.jpg 600w, https:\/\/catpied.fr\/wp-content\/uploads\/2022\/10\/ECH10-100x100.jpg 100w\" sizes=\"(max-width: 900px) 100vw, 900px\" \/>\t\t\t\t\t\t\t\t\t\t\t\t\t\t\t<\/div>\n\t\t\t\t<\/div>\n\t\t\t\t\t<\/div>\n\t\t<\/div>\n\t\t\t\t<div class=\"elementor-column elementor-col-50 elementor-inner-column elementor-element elementor-element-efebfc3\" data-id=\"efebfc3\" data-element_type=\"column\">\n\t\t\t<div class=\"elementor-widget-wrap elementor-element-populated\">\n\t\t\t\t\t\t\t\t<div class=\"elementor-element elementor-element-fae4345 elementor-widget elementor-widget-image\" data-id=\"fae4345\" data-element_type=\"widget\" data-widget_type=\"image.default\">\n\t\t\t\t<div class=\"elementor-widget-container\">\n\t\t\t\t\t\t\t\t\t\t\t\t\t\t\t<img decoding=\"async\" loading=\"lazy\" width=\"900\" height=\"902\" src=\"https:\/\/catpied.fr\/wp-content\/uploads\/2022\/10\/ECH8.jpg\" class=\"attachment-large size-large wp-image-1214\" alt=\"\" srcset=\"https:\/\/catpied.fr\/wp-content\/uploads\/2022\/10\/ECH8.jpg 900w, https:\/\/catpied.fr\/wp-content\/uploads\/2022\/10\/ECH8-300x300.jpg 300w, https:\/\/catpied.fr\/wp-content\/uploads\/2022\/10\/ECH8-150x150.jpg 150w, https:\/\/catpied.fr\/wp-content\/uploads\/2022\/10\/ECH8-768x770.jpg 768w, https:\/\/catpied.fr\/wp-content\/uploads\/2022\/10\/ECH8-600x601.jpg 600w, https:\/\/catpied.fr\/wp-content\/uploads\/2022\/10\/ECH8-100x100.jpg 100w\" sizes=\"(max-width: 900px) 100vw, 900px\" \/>\t\t\t\t\t\t\t\t\t\t\t\t\t\t\t<\/div>\n\t\t\t\t<\/div>\n\t\t\t\t\t<\/div>\n\t\t<\/div>\n\t\t\t\t\t\t\t<\/div>\n\t\t<\/section>\n\t\t\t\t\t<\/div>\n\t\t<\/div>\n\t\t\t\t<div class=\"elementor-column elementor-col-50 elementor-top-column elementor-element elementor-element-c28c218\" data-id=\"c28c218\" data-element_type=\"column\">\n\t\t\t<div class=\"elementor-widget-wrap elementor-element-populated\">\n\t\t\t\t\t\t\t\t<section class=\"elementor-section elementor-inner-section elementor-element elementor-element-784282b elementor-section-boxed elementor-section-height-default elementor-section-height-default\" data-id=\"784282b\" data-element_type=\"section\">\n\t\t\t\t\t\t<div class=\"elementor-container elementor-column-gap-default\">\n\t\t\t\t\t<div class=\"elementor-column elementor-col-50 elementor-inner-column elementor-element elementor-element-f4fc577\" data-id=\"f4fc577\" data-element_type=\"column\">\n\t\t\t<div class=\"elementor-widget-wrap elementor-element-populated\">\n\t\t\t\t\t\t\t\t<div class=\"elementor-element elementor-element-943dfa7 elementor-widget elementor-widget-image\" data-id=\"943dfa7\" data-element_type=\"widget\" data-widget_type=\"image.default\">\n\t\t\t\t<div class=\"elementor-widget-container\">\n\t\t\t\t\t\t\t\t\t\t\t\t\t\t\t<img decoding=\"async\" loading=\"lazy\" width=\"900\" height=\"900\" src=\"https:\/\/catpied.fr\/wp-content\/uploads\/2022\/10\/ECH3.jpg\" class=\"attachment-large size-large wp-image-1209\" alt=\"\" srcset=\"https:\/\/catpied.fr\/wp-content\/uploads\/2022\/10\/ECH3.jpg 900w, https:\/\/catpied.fr\/wp-content\/uploads\/2022\/10\/ECH3-300x300.jpg 300w, https:\/\/catpied.fr\/wp-content\/uploads\/2022\/10\/ECH3-150x150.jpg 150w, https:\/\/catpied.fr\/wp-content\/uploads\/2022\/10\/ECH3-768x768.jpg 768w, https:\/\/catpied.fr\/wp-content\/uploads\/2022\/10\/ECH3-600x600.jpg 600w, https:\/\/catpied.fr\/wp-content\/uploads\/2022\/10\/ECH3-100x100.jpg 100w\" sizes=\"(max-width: 900px) 100vw, 900px\" \/>\t\t\t\t\t\t\t\t\t\t\t\t\t\t\t<\/div>\n\t\t\t\t<\/div>\n\t\t\t\t\t<\/div>\n\t\t<\/div>\n\t\t\t\t<div class=\"elementor-column elementor-col-50 elementor-inner-column elementor-element elementor-element-a288262\" data-id=\"a288262\" data-element_type=\"column\">\n\t\t\t<div class=\"elementor-widget-wrap elementor-element-populated\">\n\t\t\t\t\t\t\t\t<div class=\"elementor-element elementor-element-59a7024 elementor-widget elementor-widget-image\" data-id=\"59a7024\" data-element_type=\"widget\" data-widget_type=\"image.default\">\n\t\t\t\t<div class=\"elementor-widget-container\">\n\t\t\t\t\t\t\t\t\t\t\t\t\t\t\t<img decoding=\"async\" loading=\"lazy\" width=\"900\" height=\"898\" src=\"https:\/\/catpied.fr\/wp-content\/uploads\/2022\/10\/ECH9.jpg\" class=\"attachment-large size-large wp-image-1215\" alt=\"\" srcset=\"https:\/\/catpied.fr\/wp-content\/uploads\/2022\/10\/ECH9.jpg 900w, https:\/\/catpied.fr\/wp-content\/uploads\/2022\/10\/ECH9-300x300.jpg 300w, https:\/\/catpied.fr\/wp-content\/uploads\/2022\/10\/ECH9-150x150.jpg 150w, https:\/\/catpied.fr\/wp-content\/uploads\/2022\/10\/ECH9-768x766.jpg 768w, https:\/\/catpied.fr\/wp-content\/uploads\/2022\/10\/ECH9-600x599.jpg 600w, https:\/\/catpied.fr\/wp-content\/uploads\/2022\/10\/ECH9-100x100.jpg 100w\" sizes=\"(max-width: 900px) 100vw, 900px\" \/>\t\t\t\t\t\t\t\t\t\t\t\t\t\t\t<\/div>\n\t\t\t\t<\/div>\n\t\t\t\t\t<\/div>\n\t\t<\/div>\n\t\t\t\t\t\t\t<\/div>\n\t\t<\/section>\n\t\t\t\t\t<\/div>\n\t\t<\/div>\n\t\t\t\t\t\t\t<\/div>\n\t\t<\/section>\n\t\t\t\t<section class=\"elementor-section elementor-top-section elementor-element elementor-element-81b170f elementor-section-boxed elementor-section-height-default elementor-section-height-default\" data-id=\"81b170f\" data-element_type=\"section\">\n\t\t\t\t\t\t<div class=\"elementor-container elementor-column-gap-default\">\n\t\t\t\t\t<div class=\"elementor-column elementor-col-50 elementor-top-column elementor-element elementor-element-65a8a2a\" data-id=\"65a8a2a\" data-element_type=\"column\">\n\t\t\t<div class=\"elementor-widget-wrap elementor-element-populated\">\n\t\t\t\t\t\t\t\t<section class=\"elementor-section elementor-inner-section elementor-element elementor-element-e24b0aa elementor-section-boxed elementor-section-height-default elementor-section-height-default\" data-id=\"e24b0aa\" data-element_type=\"section\">\n\t\t\t\t\t\t<div class=\"elementor-container elementor-column-gap-default\">\n\t\t\t\t\t<div class=\"elementor-column elementor-col-50 elementor-inner-column elementor-element elementor-element-9910c05\" data-id=\"9910c05\" data-element_type=\"column\">\n\t\t\t<div class=\"elementor-widget-wrap elementor-element-populated\">\n\t\t\t\t\t\t\t\t<div class=\"elementor-element elementor-element-3332c1b elementor-widget elementor-widget-image\" data-id=\"3332c1b\" data-element_type=\"widget\" data-widget_type=\"image.default\">\n\t\t\t\t<div class=\"elementor-widget-container\">\n\t\t\t\t\t\t\t\t\t\t\t\t\t\t\t<img decoding=\"async\" loading=\"lazy\" width=\"900\" height=\"900\" src=\"https:\/\/catpied.fr\/wp-content\/uploads\/2022\/10\/ECH1.jpg\" class=\"attachment-large size-large wp-image-1207\" alt=\"\" srcset=\"https:\/\/catpied.fr\/wp-content\/uploads\/2022\/10\/ECH1.jpg 900w, https:\/\/catpied.fr\/wp-content\/uploads\/2022\/10\/ECH1-300x300.jpg 300w, https:\/\/catpied.fr\/wp-content\/uploads\/2022\/10\/ECH1-150x150.jpg 150w, https:\/\/catpied.fr\/wp-content\/uploads\/2022\/10\/ECH1-768x768.jpg 768w, https:\/\/catpied.fr\/wp-content\/uploads\/2022\/10\/ECH1-600x600.jpg 600w, https:\/\/catpied.fr\/wp-content\/uploads\/2022\/10\/ECH1-100x100.jpg 100w\" sizes=\"(max-width: 900px) 100vw, 900px\" \/>\t\t\t\t\t\t\t\t\t\t\t\t\t\t\t<\/div>\n\t\t\t\t<\/div>\n\t\t\t\t\t<\/div>\n\t\t<\/div>\n\t\t\t\t<div class=\"elementor-column elementor-col-50 elementor-inner-column elementor-element elementor-element-dc541d1\" data-id=\"dc541d1\" data-element_type=\"column\">\n\t\t\t<div class=\"elementor-widget-wrap elementor-element-populated\">\n\t\t\t\t\t\t\t\t<div class=\"elementor-element elementor-element-9ae80bb elementor-widget elementor-widget-image\" data-id=\"9ae80bb\" data-element_type=\"widget\" data-widget_type=\"image.default\">\n\t\t\t\t<div class=\"elementor-widget-container\">\n\t\t\t\t\t\t\t\t\t\t\t\t\t\t\t<img decoding=\"async\" loading=\"lazy\" width=\"900\" height=\"898\" src=\"https:\/\/catpied.fr\/wp-content\/uploads\/2022\/10\/ECH5.jpg\" class=\"attachment-large size-large wp-image-1211\" alt=\"\" srcset=\"https:\/\/catpied.fr\/wp-content\/uploads\/2022\/10\/ECH5.jpg 900w, https:\/\/catpied.fr\/wp-content\/uploads\/2022\/10\/ECH5-300x300.jpg 300w, https:\/\/catpied.fr\/wp-content\/uploads\/2022\/10\/ECH5-150x150.jpg 150w, https:\/\/catpied.fr\/wp-content\/uploads\/2022\/10\/ECH5-768x766.jpg 768w, https:\/\/catpied.fr\/wp-content\/uploads\/2022\/10\/ECH5-600x599.jpg 600w, https:\/\/catpied.fr\/wp-content\/uploads\/2022\/10\/ECH5-100x100.jpg 100w\" sizes=\"(max-width: 900px) 100vw, 900px\" \/>\t\t\t\t\t\t\t\t\t\t\t\t\t\t\t<\/div>\n\t\t\t\t<\/div>\n\t\t\t\t\t<\/div>\n\t\t<\/div>\n\t\t\t\t\t\t\t<\/div>\n\t\t<\/section>\n\t\t\t\t\t<\/div>\n\t\t<\/div>\n\t\t\t\t<div class=\"elementor-column elementor-col-50 elementor-top-column elementor-element elementor-element-57ed62c\" data-id=\"57ed62c\" data-element_type=\"column\">\n\t\t\t<div class=\"elementor-widget-wrap elementor-element-populated\">\n\t\t\t\t\t\t\t\t<section class=\"elementor-section elementor-inner-section elementor-element elementor-element-359a5b8 elementor-section-boxed elementor-section-height-default elementor-section-height-default\" data-id=\"359a5b8\" data-element_type=\"section\">\n\t\t\t\t\t\t<div class=\"elementor-container elementor-column-gap-default\">\n\t\t\t\t\t<div class=\"elementor-column elementor-col-50 elementor-inner-column elementor-element elementor-element-9b1f3f6\" data-id=\"9b1f3f6\" data-element_type=\"column\">\n\t\t\t<div class=\"elementor-widget-wrap elementor-element-populated\">\n\t\t\t\t\t\t\t\t<div class=\"elementor-element elementor-element-46d78c5 elementor-widget elementor-widget-image\" data-id=\"46d78c5\" data-element_type=\"widget\" data-widget_type=\"image.default\">\n\t\t\t\t<div class=\"elementor-widget-container\">\n\t\t\t\t\t\t\t\t\t\t\t\t\t\t\t<img decoding=\"async\" loading=\"lazy\" width=\"902\" height=\"900\" src=\"https:\/\/catpied.fr\/wp-content\/uploads\/2022\/10\/ECH2-rotated.jpg\" class=\"attachment-large size-large wp-image-1208\" alt=\"\" srcset=\"https:\/\/catpied.fr\/wp-content\/uploads\/2022\/10\/ECH2-rotated.jpg 902w, https:\/\/catpied.fr\/wp-content\/uploads\/2022\/10\/ECH2-300x300.jpg 300w, https:\/\/catpied.fr\/wp-content\/uploads\/2022\/10\/ECH2-150x150.jpg 150w, https:\/\/catpied.fr\/wp-content\/uploads\/2022\/10\/ECH2-768x766.jpg 768w, https:\/\/catpied.fr\/wp-content\/uploads\/2022\/10\/ECH2-600x599.jpg 600w, https:\/\/catpied.fr\/wp-content\/uploads\/2022\/10\/ECH2-100x100.jpg 100w\" sizes=\"(max-width: 902px) 100vw, 902px\" \/>\t\t\t\t\t\t\t\t\t\t\t\t\t\t\t<\/div>\n\t\t\t\t<\/div>\n\t\t\t\t\t<\/div>\n\t\t<\/div>\n\t\t\t\t<div class=\"elementor-column elementor-col-50 elementor-inner-column elementor-element elementor-element-0262db2\" data-id=\"0262db2\" data-element_type=\"column\">\n\t\t\t<div class=\"elementor-widget-wrap elementor-element-populated\">\n\t\t\t\t\t\t\t\t<div class=\"elementor-element elementor-element-87f6e9e elementor-widget elementor-widget-image\" data-id=\"87f6e9e\" data-element_type=\"widget\" data-widget_type=\"image.default\">\n\t\t\t\t<div class=\"elementor-widget-container\">\n\t\t\t\t\t\t\t\t\t\t\t\t\t\t\t<img decoding=\"async\" loading=\"lazy\" width=\"900\" height=\"898\" src=\"https:\/\/catpied.fr\/wp-content\/uploads\/2022\/10\/ECH4.jpg\" class=\"attachment-large size-large wp-image-1210\" alt=\"\" srcset=\"https:\/\/catpied.fr\/wp-content\/uploads\/2022\/10\/ECH4.jpg 900w, https:\/\/catpied.fr\/wp-content\/uploads\/2022\/10\/ECH4-300x300.jpg 300w, https:\/\/catpied.fr\/wp-content\/uploads\/2022\/10\/ECH4-150x150.jpg 150w, https:\/\/catpied.fr\/wp-content\/uploads\/2022\/10\/ECH4-768x766.jpg 768w, https:\/\/catpied.fr\/wp-content\/uploads\/2022\/10\/ECH4-600x599.jpg 600w, https:\/\/catpied.fr\/wp-content\/uploads\/2022\/10\/ECH4-100x100.jpg 100w\" sizes=\"(max-width: 900px) 100vw, 900px\" \/>\t\t\t\t\t\t\t\t\t\t\t\t\t\t\t<\/div>\n\t\t\t\t<\/div>\n\t\t\t\t\t<\/div>\n\t\t<\/div>\n\t\t\t\t\t\t\t<\/div>\n\t\t<\/section>\n\t\t\t\t\t<\/div>\n\t\t<\/div>\n\t\t\t\t\t\t\t<\/div>\n\t\t<\/section>\n\t\t\t\t\t\t\t<\/div>\n\t\t","protected":false},"excerpt":{"rendered":"<p>Broderie et r\u00e9paration. Un v\u00eatement usag\u00e9, c&rsquo;est un v\u00eatement qui pr\u00e9sente des accros, des fragilit\u00e9s. Un v\u00eatement que l&rsquo;on d\u00e9monte est lui aussi coup\u00e9 \u00e0 certains endroits, l\u00e0 o\u00f9 existait une poche par exemple, l\u00e0 o\u00f9 on a d\u00e9garni ou plaqu\u00e9 quelque chose &#8230; Autant de traces que nous souhaitons pr\u00e9server pour sauvegarder le souvenir [&hellip;]<\/p>\n","protected":false},"author":1,"featured_media":0,"parent":0,"menu_order":0,"comment_status":"closed","ping_status":"closed","template":"","meta":{"footnotes":""},"jetpack_sharing_enabled":true,"_links":{"self":[{"href":"https:\/\/catpied.fr\/index.php?rest_route=\/wp\/v2\/pages\/1020"}],"collection":[{"href":"https:\/\/catpied.fr\/index.php?rest_route=\/wp\/v2\/pages"}],"about":[{"href":"https:\/\/catpied.fr\/index.php?rest_route=\/wp\/v2\/types\/page"}],"author":[{"embeddable":true,"href":"https:\/\/catpied.fr\/index.php?rest_route=\/wp\/v2\/users\/1"}],"replies":[{"embeddable":true,"href":"https:\/\/catpied.fr\/index.php?rest_route=%2Fwp%2Fv2%2Fcomments&post=1020"}],"version-history":[{"count":64,"href":"https:\/\/catpied.fr\/index.php?rest_route=\/wp\/v2\/pages\/1020\/revisions"}],"predecessor-version":[{"id":1294,"href":"https:\/\/catpied.fr\/index.php?rest_route=\/wp\/v2\/pages\/1020\/revisions\/1294"}],"wp:attachment":[{"href":"https:\/\/catpied.fr\/index.php?rest_route=%2Fwp%2Fv2%2Fmedia&parent=1020"}],"curies":[{"name":"wp","href":"https:\/\/api.w.org\/{rel}","templated":true}]}}